{"id":15869,"date":"2019-01-31T13:48:12","date_gmt":"2019-01-31T13:48:12","guid":{"rendered":"https:\/\/sfm.es\/inici\/"},"modified":"2019-02-15T12:07:35","modified_gmt":"2019-02-15T12:07:35","slug":"inici","status":"publish","type":"page","link":"https:\/\/www.sfm.es\/ca\/","title":{"rendered":"Inici"},"content":{"rendered":"<div class=\"wpb-content-wrapper\"><p>[vc_row css_animation=&#8221;&#8221; row_type=&#8221;row&#8221; use_row_as_full_screen_section=&#8221;no&#8221; type=&#8221;full_width&#8221; angled_section=&#8221;no&#8221; text_align=&#8221;left&#8221; background_image_as_pattern=&#8221;without_pattern&#8221;][vc_column][rev_slider_vc alias=&#8221;youtube-hero&#8221;][\/vc_column][\/vc_row][vc_row css_animation=&#8221;&#8221; row_type=&#8221;row&#8221; use_row_as_full_screen_section=&#8221;no&#8221; type=&#8221;grid&#8221; anchor=&#8221;portfolio&#8221; angled_section=&#8221;no&#8221; text_align=&#8221;left&#8221; background_image_as_pattern=&#8221;without_pattern&#8221; padding_top=&#8221;52&#8243; padding_bottom=&#8221;0&#8243;][vc_column][vc_column_text]<\/p>\n<h2 style=\"text-align: center;\">SYSTEM FILTER MEDIAM<\/h2>\n<p>[\/vc_column_text][vc_separator type=&#8221;transparent&#8221; up=&#8221;1%&#8221; down=&#8221;1%&#8221;][vc_column_text css=&#8221;.vc_custom_1548760099535{padding-bottom: 5% !important;}&#8221;]<\/p>\n<h3 style=\"text-align: center;\"><strong>SOM UNA EMPRESA\u00a0L\u00cdDER EN EL DISSENY I FABRICACI\u00d3<br \/>\nDE G\u00c0BIES I ACCESSORIS COMPLEMENTARIS.<\/strong><\/h3>\n<p>[\/vc_column_text][vc_row_inner row_type=&#8221;row&#8221; type=&#8221;full_width&#8221; text_align=&#8221;left&#8221; css_animation=&#8221;&#8221;][vc_column_inner width=&#8221;1\/2&#8243;][vc_column_text css=&#8221;.vc_custom_1548760412713{padding-right: 5% !important;padding-bottom: 5% !important;padding-left: 3% !important;}&#8221;]<\/p>\n<p style=\"text-align: justify;\">La nostra fabricaci\u00f3 inclou una extensa gamma de productes, amb un disseny i una fabricaci\u00f3 de m\u00e0xima qualitat.<\/p>\n<p>Els nostres productes s&#8217;utilitzen amb una alta efici\u00e8ncia en sectors industrials d&#8217;alt est\u00e0ndard com ara el farmac\u00e8utic, el qu\u00edmic, l&#8217;alimentari, aluminis i fonaments.<br \/>\n[\/vc_column_text][\/vc_column_inner][vc_column_inner width=&#8221;1\/2&#8243;][vc_column_text css=&#8221;.vc_custom_1548858845137{padding-right: 3% !important;padding-bottom: 5% !important;padding-left: 5% !important;}&#8221;]<\/p>\n<p style=\"text-align: justify;\">Els nostres clients provenen de diferents sectors en l&#8217;\u00e0mbit nacional i internacional. Exportem els nostres productes, principalment a:<\/p>\n<p style=\"text-align: justify;\">Fran\u00e7a,\u00a0B\u00e8lgica,\u00a0Pa\u00efsos\u00a0N\u00f2rdics, Alemanya,\u00a0Pa\u00efsos \u00c0rabs, Gran Bretanya, \u00c0frica i Am\u00e8rica.<\/p>\n<p>[\/vc_column_text][\/vc_column_inner][\/vc_row_inner][\/vc_column][\/vc_row][vc_row css_animation=&#8221;&#8221; row_type=&#8221;row&#8221; use_row_as_full_screen_section=&#8221;no&#8221; type=&#8221;full_width&#8221; anchor=&#8221;gallery&#8221; angled_section=&#8221;no&#8221; text_align=&#8221;left&#8221; background_image_as_pattern=&#8221;without_pattern&#8221;][vc_column][vc_gallery type=&#8221;image_grid&#8221; images=&#8221;15853,15844,15847,15850&#8243; img_size=&#8221;600&#215;600&#8243; column_number=&#8221;4&#8243; grayscale=&#8221;yes&#8221; images_space=&#8221;gallery_without_space&#8221;][\/vc_column][\/vc_row][vc_row css_animation=&#8221;&#8221; row_type=&#8221;row&#8221; use_row_as_full_screen_section=&#8221;no&#8221; type=&#8221;grid&#8221; angled_section=&#8221;no&#8221; text_align=&#8221;left&#8221; background_image_as_pattern=&#8221;without_pattern&#8221; padding_top=&#8221;54&#8243; padding_bottom=&#8221;58&#8243;][vc_column][vc_column_text]<\/p>\n<h4 style=\"text-align: center;\">Sota comanda podem subministrar qualsevol tipus de venturi en les diferents aleacions existents en el mercat.<\/h4>\n<p>[\/vc_column_text][\/vc_column][\/vc_row][vc_row css_animation=&#8221;&#8221; row_type=&#8221;row&#8221; use_row_as_full_screen_section=&#8221;no&#8221; type=&#8221;grid&#8221; angled_section=&#8221;no&#8221; text_align=&#8221;left&#8221; background_image_as_pattern=&#8221;without_pattern&#8221; background_color=&#8221;#ffffff&#8221; padding_top=&#8221;87&#8243; padding_bottom=&#8221;34&#8243;][vc_column][vc_row_inner row_type=&#8221;row&#8221; type=&#8221;full_width&#8221; text_align=&#8221;left&#8221; css_animation=&#8221;&#8221;][vc_column_inner width=&#8221;1\/3&#8243;]<div class='q_icon_with_title medium normal_icon '><div class=\"icon_holder q_icon_animation\" style=\" transition-delay: 400ms; -webkit-transition-delay: 400ms; -moz-transition-delay: 400ms; -o-transition-delay: 400ms;\"><span data-icon-type=\"normal\"   style=\"font-size: 38px;\" class=\"qode_iwt_icon_holder q_font_awsome_icon fa-3x  \"><i class=\"qodef-icon-dripicons dripicon dripicons-trophy qode_iwt_icon_element\" style=\"color: #c0c0c0;\" ><\/i><\/span><\/div><div class=\"icon_text_holder\" style=\"\"><div class=\"icon_text_inner\" style=\"\"><h5 class=\"icon_title\" style=\"\">EMPRESA L\u00cdDER EN EL SECTOR<\/h5><p style=''>Despr\u00e9s de molts anys al servei de tot tipus d'ind\u00fastries, hem aconseguit ser una empresa l\u00edder en el sector.<\/p><\/div><\/div><\/div>[vc_separator type=&#8221;transparent&#8221; up=&#8221;26&#8243; down=&#8221;0&#8243;][\/vc_column_inner][vc_column_inner width=&#8221;1\/3&#8243;]<div class='q_icon_with_title medium normal_icon '><div class=\"icon_holder q_icon_animation\" style=\" transition-delay: 500ms; -webkit-transition-delay: 500ms; -moz-transition-delay: 500ms; -o-transition-delay: 500ms;\"><span data-icon-type=\"normal\"   style=\"font-size: 38px;\" class=\"qode_iwt_icon_holder q_font_awsome_icon fa-3x  \"><i class=\"qodef-icon-dripicons dripicon dripicons-gear qode_iwt_icon_element\" style=\"color: #c0c0c0;\" ><\/i><\/span><\/div><div class=\"icon_text_holder\" style=\"\"><div class=\"icon_text_inner\" style=\"\"><h5 class=\"icon_title\" style=\"\">ENS ADAPTEM<\/h5><p style=''>Ens adaptem a qualsevol necessitat t\u00e8cnica que puguis tenir, disposem de tot tipus de productes de la m\u00e0xima qualitat.<\/p><\/div><\/div><\/div>[vc_separator type=&#8221;transparent&#8221; up=&#8221;26&#8243; down=&#8221;0&#8243;][\/vc_column_inner][vc_column_inner width=&#8221;1\/3&#8243;]<div class='q_icon_with_title medium normal_icon '><div class=\"icon_holder q_icon_animation\" style=\" transition-delay: 600ms; -webkit-transition-delay: 600ms; -moz-transition-delay: 600ms; -o-transition-delay: 600ms;\"><span data-icon-type=\"normal\"   style=\"font-size: 38px;\" class=\"qode_iwt_icon_holder q_font_awsome_icon fa-3x  \"><i class=\"qodef-icon-dripicons dripicon dripicons-user-group qode_iwt_icon_element\" style=\"color: #c0c0c0;\" ><\/i><\/span><\/div><div class=\"icon_text_holder\" style=\"\"><div class=\"icon_text_inner\" style=\"\"><h5 class=\"icon_title\" style=\"\">ELS MILLORS T\u00c8CNICS<\/h5><p style=''>Per a qualsevol problema de filtraci\u00f3, posem el nostre departament t\u00e8cnic a la teva disposici\u00f3.<\/p><\/div><\/div><\/div>[vc_separator type=&#8221;transparent&#8221; up=&#8221;26&#8243; down=&#8221;0&#8243;][\/vc_column_inner][\/vc_row_inner][vc_row_inner row_type=&#8221;row&#8221; type=&#8221;full_width&#8221; text_align=&#8221;left&#8221; css_animation=&#8221;&#8221;][vc_column_inner width=&#8221;1\/3&#8243;]<div class='q_icon_with_title medium normal_icon '><div class=\"icon_holder q_icon_animation\" style=\" transition-delay: 700ms; -webkit-transition-delay: 700ms; -moz-transition-delay: 700ms; -o-transition-delay: 700ms;\"><span data-icon-type=\"normal\"   style=\"font-size: 38px;\" class=\"qode_iwt_icon_holder q_font_awsome_icon fa-3x  \"><i class=\"qodef-icon-dripicons dripicon dripicons-thumbs-up qode_iwt_icon_element\" style=\"color: #c0c0c0;\" ><\/i><\/span><\/div><div class=\"icon_text_holder\" style=\"\"><div class=\"icon_text_inner\" style=\"\"><h5 class=\"icon_title\" style=\"\">QUALITAT GARANTITZADA<\/h5><p style=''>Gr\u00e0cies a les nostres instal\u00b7lacions d'\u00faltima tecnologia, disposem dels millors productes del sector. Amb normativa ISO 9000.<\/p><\/div><\/div><\/div>[vc_separator type=&#8221;transparent&#8221; up=&#8221;26&#8243; down=&#8221;0&#8243;][\/vc_column_inner][vc_column_inner width=&#8221;1\/3&#8243;]<div class='q_icon_with_title medium normal_icon '><div class=\"icon_holder q_icon_animation\" style=\" transition-delay: 800ms; -webkit-transition-delay: 800ms; -moz-transition-delay: 800ms; -o-transition-delay: 800ms;\"><span data-icon-type=\"normal\"   style=\"font-size: 38px;\" class=\"qode_iwt_icon_holder q_font_awsome_icon fa-3x  \"><i class=\"qodef-icon-dripicons dripicon dripicons-pencil qode_iwt_icon_element\" style=\"color: #c0c0c0;\" ><\/i><\/span><\/div><div class=\"icon_text_holder\" style=\"\"><div class=\"icon_text_inner\" style=\"\"><h5 class=\"icon_title\" style=\"\">PRODUCTES A MIDA<\/h5><p style=''>Subministrem productes que s'adapten a totes les necessitats t\u00e8cniques de cada client.<\/p><\/div><\/div><\/div>[vc_separator type=&#8221;transparent&#8221; up=&#8221;26&#8243; down=&#8221;0&#8243;][\/vc_column_inner][vc_column_inner width=&#8221;1\/3&#8243;]<div class='q_icon_with_title medium normal_icon '><div class=\"icon_holder q_icon_animation\" style=\" transition-delay: 900ms; -webkit-transition-delay: 900ms; -moz-transition-delay: 900ms; -o-transition-delay: 900ms;\"><span data-icon-type=\"normal\"   style=\"font-size: 38px;\" class=\"qode_iwt_icon_holder q_font_awsome_icon fa-3x  \"><i class=\"qodef-icon-dripicons dripicon dripicons-brightness-max qode_iwt_icon_element\" style=\"color: #c0c0c0;\" ><\/i><\/span><\/div><div class=\"icon_text_holder\" style=\"\"><div class=\"icon_text_inner\" style=\"\"><h5 class=\"icon_title\" style=\"\">RESPECTE AL MEDI AMBIENT<\/h5><p style=''>La nostra tecnologia s'actualitza constantment per a respectar al m\u00e0xim el medi ambient.<\/p><\/div><\/div><\/div>[vc_separator type=&#8221;transparent&#8221; up=&#8221;26&#8243; down=&#8221;11&#8243;][\/vc_column_inner][\/vc_row_inner][\/vc_column][\/vc_row][vc_row css_animation=&#8221;&#8221; row_type=&#8221;row&#8221; use_row_as_full_screen_section=&#8221;no&#8221; type=&#8221;full_width&#8221; angled_section=&#8221;no&#8221; text_align=&#8221;left&#8221; background_image_as_pattern=&#8221;without_pattern&#8221; padding_top=&#8221;52&#8243;][vc_column][vc_column_text el_class=&#8221;.pad-2&#8243;]<\/p>\n<h2 style=\"text-align: center;\">LES NOSTRES INSTAL\u00b7LACIONS<\/h2>\n<p>[\/vc_column_text][vc_column_text css=&#8221;.vc_custom_1550166232626{padding-top: 2% !important;padding-right: 10% !important;padding-bottom: 3% !important;padding-left: 10% !important;}&#8221;]<\/p>\n<div class=\"wpb_text_column wpb_content_element \">\n<div class=\"wpb_wrapper\">\n<h3 style=\"text-align: center;\"><strong style=\"font-size: 16px;\">ESTEM EQUIPATS AMB MAQUIN\u00c0RIA D&#8217;\u00daLTIMA GENERACI\u00d3 QUE GARANTITZA EL SERVEI I LA QUALITAT QUE OFERIM ALS NOSTRES CLIENTS.<\/strong><\/h3>\n<p>&nbsp;<\/p>\n<\/div>\n<\/div>\n<div class=\"wpb_text_column wpb_content_element \">\n<div class=\"wpb_wrapper\">\n<p style=\"text-align: center;\"><strong>System Filter Mediam<\/strong>\u00a0actualment disposa de unes instal\u00b7lacions de\u00a07.000 m2,<br \/>\ndividida en diferents \u00e0reas de producci\u00f3, embalatge i emmagatzematge.<\/p>\n<p>&nbsp;<\/p>\n<\/div>\n<\/div>\n<p>[\/vc_column_text][vc_separator type=&#8221;transparent&#8221; up=&#8221;1%&#8221; down=&#8221;1%&#8221;]<div class='qode_image_gallery_no_space light'><div class='qode_image_gallery_holder' style='height: 500px;'><ul  ><li  ><div style=\"height: 500px; width:750px;\"><img decoding=\"async\" itemprop=\"image\" src=\"https:\/\/www.sfm.es\/wp-content\/uploads\/2018\/12\/1-1-65.jpg\" alt=\"\" loading=\"lazy\" \/><\/div><\/li><li  ><div style=\"height: 500px; width:750px;\"><img decoding=\"async\" itemprop=\"image\" src=\"https:\/\/www.sfm.es\/wp-content\/uploads\/2018\/12\/1-1-64.jpg\" alt=\"\" loading=\"lazy\" \/><\/div><\/li><li  ><div style=\"height: 500px; width:750px;\"><img decoding=\"async\" itemprop=\"image\" src=\"https:\/\/www.sfm.es\/wp-content\/uploads\/2018\/12\/1-1-58.jpg\" alt=\"\" loading=\"lazy\" \/><\/div><\/li><li  ><div style=\"height: 500px; width:750px;\"><img decoding=\"async\" itemprop=\"image\" src=\"https:\/\/www.sfm.es\/wp-content\/uploads\/2018\/12\/1-1-37.jpg\" alt=\"\" loading=\"lazy\" \/><\/div><\/li><li  ><div style=\"height: 500px; width:750px;\"><img decoding=\"async\" itemprop=\"image\" src=\"https:\/\/www.sfm.es\/wp-content\/uploads\/2018\/12\/1-1-36.jpg\" alt=\"\" loading=\"lazy\" \/><\/div><\/li><li  ><div style=\"height: 500px; width:750px;\"><img decoding=\"async\" itemprop=\"image\" src=\"https:\/\/www.sfm.es\/wp-content\/uploads\/2018\/12\/1-1-19.jpg\" alt=\"\" loading=\"lazy\" \/><\/div><\/li><\/ul><\/div><div class=\"controls\"><a class=\"prev-slide\" href=\"#\"><span><i class=\"fa fa-angle-left\"><\/i><\/span><\/a><a class=\"next-slide\" href=\"#\"><span><i class=\"fa fa-angle-right\"><\/i><\/span><\/a><\/div><\/div>[\/vc_column][\/vc_row][vc_row css_animation=&#8221;&#8221; row_type=&#8221;row&#8221; use_row_as_full_screen_section=&#8221;no&#8221; type=&#8221;grid&#8221; angled_section=&#8221;no&#8221; text_align=&#8221;left&#8221; background_image_as_pattern=&#8221;without_pattern&#8221; background_color=&#8221;#ffffff&#8221; padding_top=&#8221;97&#8243;][vc_column][vc_row_inner row_type=&#8221;row&#8221; type=&#8221;full_width&#8221; text_align=&#8221;center&#8221; css_animation=&#8221;&#8221;][vc_column_inner][vc_separator type=&#8221;transparent&#8221; up=&#8221;10&#8243; down=&#8221;0&#8243;][vc_column_text]<\/p>\n<h2 style=\"text-align: center;\">CONTACTE<\/h2>\n<p>[\/vc_column_text][vc_separator type=&#8221;transparent&#8221; up=&#8221;1%&#8221; down=&#8221;1%&#8221;][vc_column_text]<\/p>\n<h4 style=\"text-align: center;\">Posa&#8217;t en contacte amb el nostre departament comercial i comen\u00e7a a formar part dels nostres clients<\/h4>\n<p>[\/vc_column_text][vc_separator type=&#8221;transparent&#8221; up=&#8221;35&#8243; down=&#8221;0&#8243;]<a  itemprop=\"url\" href=\"sfm.es\/ca\/contacto\" target=\"_self\"  class=\"qbutton  default\" style=\"\">CONTACTA<\/a>[vc_separator type=&#8221;transparent&#8221; up=&#8221;80&#8243; down=&#8221;0&#8243;][\/vc_column_inner][\/vc_row_inner][\/vc_column][\/vc_row][vc_row css_animation=&#8221;&#8221; row_type=&#8221;row&#8221; use_row_as_full_screen_section=&#8221;no&#8221; type=&#8221;full_width&#8221; angled_section=&#8221;no&#8221; text_align=&#8221;left&#8221; background_image_as_pattern=&#8221;without_pattern&#8221; padding_top=&#8221;52&#8243;][vc_column width=&#8221;1\/2&#8243; css=&#8221;.vc_custom_1550164639113{margin-top: 50px !important;margin-right: 50px !important;margin-bottom: 50px !important;padding-left: 50px !important;}&#8221;][vc_column_text el_class=&#8221;.pad-info-ini&#8221;]<\/p>\n<div class=\"wpb_text_column wpb_content_element \">\n<div class=\"wpb_wrapper\">\n<div class=\"wpb_text_column wpb_content_element \">\n<div class=\"wpb_wrapper\">\n<h2><strong>PRODUCTES<\/strong><\/h2>\n<p>&nbsp;<\/p>\n<\/div>\n<\/div>\n<div class=\"wpb_text_column wpb_content_element \">\n<div class=\"wpb_wrapper\">\n<h3><strong>FABRICACI\u00d3 I DISSENY PERSONALITZAT SEGONS LES NECESSITATS DELS NOSTRES CLIENTS.<\/strong><\/h3>\n<p>&nbsp;<\/p>\n<p>El nostre departament t\u00e8cnic es caracteritza pel disseny, estudi contin\u00fa i adaptaci\u00f3 de les noves tecnologies, posant a la disposici\u00f3 del client pl\u00e0nls, requisits t\u00e8cnics, etc&#8230;<\/p>\n<p>&nbsp;<\/p>\n<h4>Alguns dels nostres productes s\u00f3n:<\/h4>\n<p>&nbsp;<\/p>\n<ul>\n<li><a href=\"http:\/\/sfm.es\/ca\/productos\">G\u00e0bies rodones<\/a><\/li>\n<li><a href=\"http:\/\/sfm.es\/ca\/productos\">G\u00e0bies d&#8217;estrella<\/a><\/li>\n<li><a href=\"http:\/\/sfm.es\/ca\/productos\">Graelles \/ &#8220;Flat Cages&#8221;<\/a><\/li>\n<li><a href=\"http:\/\/sfm.es\/ca\/productos\">Venturis<\/a><\/li>\n<\/ul>\n<\/div>\n<\/div>\n<\/div>\n<\/div>\n<p>[\/vc_column_text][vc_separator type=&#8221;transparent&#8221; up=&#8221;1%&#8221; down=&#8221;1%&#8221;][\/vc_column][vc_column width=&#8221;1\/2&#8243;][vc_single_image image=&#8221;15129&#8243; img_size=&#8221;600&#215;400&#8243; qode_css_animation=&#8221;&#8221; css=&#8221;.vc_custom_1545816637017{padding-top: 5% !important;}&#8221;][\/vc_column][\/vc_row]<\/p>\n<\/div>","protected":false},"excerpt":{"rendered":"<p>[vc_row css_animation=&#8221;&#8221; row_type=&#8221;row&#8221; use_row_as_full_screen_section=&#8221;no&#8221; type=&#8221;full_width&#8221; angled_section=&#8221;no&#8221; text_align=&#8221;left&#8221; background_image_as_pattern=&#8221;without_pattern&#8221;][vc_column][rev_slider_vc alias=&#8221;youtube-hero&#8221;][\/vc_column][\/vc_row][vc_row css_animation=&#8221;&#8221; row_type=&#8221;row&#8221; use_row_as_full_screen_section=&#8221;no&#8221; type=&#8221;grid&#8221; anchor=&#8221;portfolio&#8221; angled_section=&#8221;no&#8221; text_align=&#8221;left&#8221; background_image_as_pattern=&#8221;without_pattern&#8221; padding_top=&#8221;52&#8243; padding_bottom=&#8221;0&#8243;][vc_column][vc_column_text] SYSTEM FILTER MEDIAM [\/vc_column_text][vc_separator type=&#8221;transparent&#8221; up=&#8221;1%&#8221; down=&#8221;1%&#8221;][vc_column_text css=&#8221;.vc_custom_1548760099535{padding-bottom: 5% !important;}&#8221;] SOM UNA EMPRESA\u00a0L\u00cdDER EN EL DISSENY I FABRICACI\u00d3 DE G\u00c0BIES I ACCESSORIS COMPLEMENTARIS. [\/vc_column_text][vc_row_inner row_type=&#8221;row&#8221; type=&#8221;full_width&#8221;&#8230;<\/p>\n","protected":false},"author":1,"featured_media":0,"parent":0,"menu_order":0,"comment_status":"open","ping_status":"closed","template":"full_width.php","meta":{"footnotes":""},"class_list":["post-15869","page","type-page","status-publish","hentry"],"aioseo_notices":[],"_links":{"self":[{"href":"https:\/\/www.sfm.es\/ca\/wp-json\/wp\/v2\/pages\/15869","targetHints":{"allow":["GET"]}}],"collection":[{"href":"https:\/\/www.sfm.es\/ca\/wp-json\/wp\/v2\/pages"}],"about":[{"href":"https:\/\/www.sfm.es\/ca\/wp-json\/wp\/v2\/types\/page"}],"author":[{"embeddable":true,"href":"https:\/\/www.sfm.es\/ca\/wp-json\/wp\/v2\/users\/1"}],"replies":[{"embeddable":true,"href":"https:\/\/www.sfm.es\/ca\/wp-json\/wp\/v2\/comments?post=15869"}],"version-history":[{"count":0,"href":"https:\/\/www.sfm.es\/ca\/wp-json\/wp\/v2\/pages\/15869\/revisions"}],"wp:attachment":[{"href":"https:\/\/www.sfm.es\/ca\/wp-json\/wp\/v2\/media?parent=15869"}],"curies":[{"name":"wp","href":"https:\/\/api.w.org\/{rel}","templated":true}]}}