{"id":15872,"date":"2019-01-31T14:13:45","date_gmt":"2019-01-31T14:13:45","guid":{"rendered":"https:\/\/sfm.es\/politica-de-cookies\/"},"modified":"2019-01-31T14:13:49","modified_gmt":"2019-01-31T14:13:49","slug":"politica-de-cookies","status":"publish","type":"page","link":"https:\/\/www.sfm.es\/ca\/politica-de-cookies\/","title":{"rendered":"Pol\u00edtica de Cookies"},"content":{"rendered":"<div class=\"wpb-content-wrapper\"><p>[vc_row css_animation=&#8221;&#8221; row_type=&#8221;row&#8221; use_row_as_full_screen_section=&#8221;no&#8221; type=&#8221;full_width&#8221; angled_section=&#8221;no&#8221; text_align=&#8221;left&#8221; background_image_as_pattern=&#8221;without_pattern&#8221; z_index=&#8221;&#8221; css=&#8221;.vc_custom_1546618693029{padding-top: 10% !important;padding-right: 12% !important;padding-bottom: 3% !important;padding-left: 12% !important;}&#8221;][vc_column][vc_column_text]<\/p>\n<h3 class=\"p1\">POL\u00cdTICA DE COOKIES<\/h3>\n<p>En aquesta p\u00e0gina trobareu informaci\u00f3 de la Pol\u00edtica de recollida i tractament de galetes de <strong>www.sfm.es<\/strong><\/p>\n<p>La p\u00e0gina que est\u00e0 vost\u00e8 visitant pertany a <em><strong>SYSTEM FILTER MEDIAM SL<\/strong><\/em><\/p>\n<p>Un cop llegida tota la informaci\u00f3 facilitada, vam avisar a l&#8217;usuari que si prossegueix la seva navegaci\u00f3 per aquest lloc web sense haver configurat els navegadors per a impedir la instal\u00b7laci\u00f3 de les cookies emprades pel mateix, en els termes inclosos en l&#8217;article 22.2 de la Llei 34 \/ 2002 de Serveis de la Societat de la Informaci\u00f3 i Comer\u00e7 Electr\u00f2nic, segons la redacci\u00f3 del mateix donada pel RD 13\/2012 de 30 de mar\u00e7, estar\u00e0 prestant el seu consentiment per a l&#8217;ocupaci\u00f3 de les cookies.<\/p>\n<p>La present Pol\u00edtica de galetes podr\u00e0 ser modificada sempre que es produeixin canvis en la configuraci\u00f3 i \/ o utilitzaci\u00f3 de les mateixes. <em><strong>SYSTEM FILTER MEDIAM SL<\/strong><\/em> mantindr\u00e0 sempre publicada la versi\u00f3 actualitzada en aquest lloc web fent constar la seva data d&#8217;actualitzaci\u00f3 al final d&#8217;aquesta p\u00e0gina.<\/p>\n<p><em><strong>Informaci\u00f3 general a l&#8217;usuari: Definici\u00f3 i funci\u00f3 de les cookies.<\/strong><\/em><\/p>\n<p><strong>Qu\u00e8 s\u00f3n les cookies o &#8220;galetes&#8221;?<\/strong><\/p>\n<p>Una galeta \u00e9s un fitxer que es descarrega a l&#8217;ordinador o dispositiu de l&#8217;usuari en accedir a una p\u00e0gina web amb l&#8217;objecte de permetre emmagatzemar i recuperar informaci\u00f3 sobre els h\u00e0bits de navegaci\u00f3 de l&#8217;usuari o del seu equip i, depenent de la informaci\u00f3 que continguin i de la forma en qu\u00e8 utilitzi el seu equip, es poden utilitzar per recon\u00e8ixer un Usuari.<\/p>\n<p>Per posar alguns exemples, des d&#8217;un punt de vista t\u00e8cnic, les galetes permeten que les p\u00e0gines web funcionin de forma m\u00e9s \u00e0gil i adaptada a les teves prefer\u00e8ncies, <em><strong>SYSTEM FILTER MEDIAM SL<\/strong><\/em> les utilitza, per exemple, per guardar les dades de la sessi\u00f3.<\/p>\n<p>De la mateixa manera, les galetes tamb\u00e9 permeten establir nivells de protecci\u00f3 i seguretat amb l&#8217;objectiu de dificultar ciberatacs contra el lloc web o contra els nostres usuaris.<\/p>\n<p>Tamb\u00e9 permeten recopilar dades estad\u00edstiques i an\u00f2nims que ens permeten millorar la teva experi\u00e8ncia de navegaci\u00f3; aix\u00ed com realitzar publicitat segmentada o adaptada als teus interessos.<\/p>\n<p><em><strong>Quins tipus de galetes pot trobar-se en els llocs web?<\/strong><\/em><\/p>\n<p>Galetes exemptes: S\u00f3n les galetes sobre les que legalment no cal informar o obtenir el consentiment per al seu \u00fas. Es tracta de cookies que permeten la comunicaci\u00f3 entre l&#8217;equip de l&#8217;usuari i la xarxa, aix\u00ed com les que estrictament presten un servei expressament sol\u00b7licitat per l&#8217;usuari com, per exemple:<\/p>\n<ul>\n<li>Galetes d&#8217;entrada de l&#8217;usuari.<\/li>\n<li>Galetes d&#8217;autenticaci\u00f3 o identificaci\u00f3 d&#8217;usuari (\u00fanicament de sessi\u00f3).<\/li>\n<li>Galetes de seguretat de l&#8217;usuari.<\/li>\n<li>Galetes de sessi\u00f3 de reproductor multim\u00e8dia.<\/li>\n<li>Galetes de sessi\u00f3 per equilibrar la c\u00e0rrega.<\/li>\n<li>Galetes de personalitzaci\u00f3 de la interf\u00edcie d&#8217;usuari.<\/li>\n<li>Galetes de complement (plug-in) per intercanviar continguts socials.<\/li>\n<\/ul>\n<p>Depenent de qui sigui l&#8217;entitat que gestioni l&#8217;equip o domini des d&#8217;on s&#8217;envien les cookies i tracti les dades que s&#8217;obtinguin, les galetes poden ser:<\/p>\n<ul>\n<li>Galetes pr\u00f2pies: S&#8217;envien a l&#8217;equip, dispositiu o terminal de l&#8217;usuari des d&#8217;un equip o domini gestionat pel titular del web i des del qual es presta el servei gestionat per l&#8217;usuari. No es consideren galetes pr\u00f2pies les instal\u00b7lades des d&#8217;un equip o domini gestionat pel responsable del web per\u00f2 que la informaci\u00f3 que es reculli mitjan\u00e7ant les cookies sigui gestionada per un tercer.<\/li>\n<li>Galetes de tercers: S&#8217;envien a l&#8217;equip, dispositiu o terminal de l&#8217;usuari des d&#8217;un equip o domini no gestionat pel titular del lloc web, sin\u00f3 per una altra entitat que tracta les dades obtingudes a trav\u00e9s de les cookies.<\/li>\n<\/ul>\n<p>Per exemple, en el nostre cas, es consideren galetes de tercers aquelles que no han estat desenvolupades per o per <em><strong>SYSTEM FILTER MEDIAM SL<\/strong> <\/em>(propiet\u00e0ria del domini del lloc web <strong>www.sfm.es<\/strong> i prestadora dels serveis d&#8217;informaci\u00f3 que s&#8217;ofereixen a trav\u00e9s del mateix), com per exemple, les usades per xarxes socials, o per complements externs de contingut com Google Maps o Google Analytics.<\/p>\n<p>Depenent del termini de temps que les galetes romanen activades en l&#8217;equip terminal, es classifiquen en:<\/p>\n<ul>\n<li><strong>Galetes de sessi\u00f3:<\/strong> Dissenyades per a recaptar i emmagatzemar dades mentre l&#8217;usuari accedeix a una p\u00e0gina web. Se solen emprar per emmagatzemar informaci\u00f3 que nom\u00e9s interessa conservar per a la prestaci\u00f3 del servei sol\u00b7licitat per l&#8217;usuari en una sola ocasi\u00f3. S\u00f3n galetes temporals que romanen a l&#8217;arxiu de cookies del seu navegador fins que abandoni la p\u00e0gina web, de manera que cap queda registrada en el disc dur de l&#8217;usuari. La informaci\u00f3 obtinguda per mitj\u00e0 d&#8217;aquestes galetes, serveixen per analitzar pautes de tr\u00e0nsit a la web. A la llarga, aix\u00f2 ens permet proporcionar una millor experi\u00e8ncia per millorar el contingut del web i facilitar la seva usabilitat.<\/li>\n<li><strong>Galetes persistents:<\/strong> S\u00f3n aquelles en les quals les dades segueixen emmagatzemats en l&#8217;equip, dispositiu o terminal, i als quals es pot accedir i ser tractats pel responsable de la galeta, durant un temps determinat que pot anar des de minuts a diversos anys. S\u00f3n emmagatzemades al disc dur i la web les detecta cada vegada que l&#8217;usuari realitza una nova visita. Una galeta persistent posseeix una data d&#8217;expiraci\u00f3 determinada. La galeta deixar\u00e0 de funcionar despr\u00e9s d&#8217;aquesta data. S&#8217;utilitzen generalment per facilitar, per exemple, els serveis de registre.<\/li>\n<\/ul>\n<p>Depenent de la finalitat per a la qual es tractin les dades obtingudes a trav\u00e9s de les galetes, trobarem:<\/p>\n<ul>\n<li><strong>Galetes t\u00e8cniques:<\/strong> Permeten a l&#8217;usuari la navegaci\u00f3 a trav\u00e9s d&#8217;una p\u00e0gina web, plataforma o aplicaci\u00f3 i la utilitzaci\u00f3 de les diferents opcions o serveis que en ella hi hagi com, per exemple, identificar la sessi\u00f3, accedir a parts d&#8217;acc\u00e9s restringit; realitzar la sol\u00b7licitud d&#8217;inscripci\u00f3 o participaci\u00f3 en un esdeveniment; utilitzar elements de seguretat durant la navegaci\u00f3; emmagatzemar continguts per a la difusi\u00f3 de v\u00eddeos o so; o compartir continguts a trav\u00e9s de xarxes socials, identificar quan est\u00e0 navegant un hum\u00e0 o una aplicaci\u00f3 automatitzada, etc.<\/li>\n<\/ul>\n<p>S\u00f3n galetes necess\u00e0ries per al funcionament del web, com per exemple, aquelles que serveixen per a una correcta navegaci\u00f3 o per assegurar que el contingut de la p\u00e0gina web es carrega efica\u00e7ment.<\/p>\n<ul>\n<li><strong>Galetes de personalitzaci\u00f3:<\/strong> Permeten a l&#8217;usuari accedir al servei amb algunes caracter\u00edstiques de car\u00e0cter general predefinides en funci\u00f3 d&#8217;una s\u00e8rie de criteris en el terminal de l&#8217;usuari, com per exemple serien l&#8217;idioma; el tipus de navegador mitjan\u00e7ant el qual accedeix al servei; la configuraci\u00f3 regional des d&#8217;on s&#8217;accedeix al servei, etc.<\/li>\n<\/ul>\n<p>Aquestes galetes permeten configurar el lloc web perqu\u00e8 es mostri d&#8217;una determinada manera segons les prefer\u00e8ncies dels usuaris, com ara l&#8217;idioma o el disseny dels continguts.<\/p>\n<ul>\n<li><strong>Galetes d&#8217;an\u00e0lisi:<\/strong> Permeten al responsable de les galetes el seguiment i an\u00e0lisi del comportament dels usuaris dels llocs web als que estan instal\u00b7lades per, per exemple el mesurament de l&#8217;activitat dels llocs web (informaci\u00f3 sobre el tipus de navegaci\u00f3 que est\u00e0 realitzant, les seccions que m\u00e9s utilitza, serveis consultats, franja hor\u00e0ria d&#8217;\u00fas, idioma, etc), i per a l&#8217;elaboraci\u00f3 de perfils de navegaci\u00f3 dels usuaris d&#8217;aquests llocs amb la finalitat d&#8217;introduir millores en funci\u00f3 de l&#8217;an\u00e0lisi de les dades d&#8217;\u00fas que fan els usuaris del servei.<\/li>\n<\/ul>\n<p>Aquest tipus de cookies s\u00f3n utilitzades per realitzar un seguiment del tr\u00e0nsit d&#8217;aquest web amb finalitats estad\u00edstiques i de forma totalment an\u00f2nima amb el prop\u00f2sit de millorar la forma en qu\u00e8 puc apropar la informaci\u00f3 oferta.<\/p>\n<ul>\n<li><strong>Galetes publicit\u00e0ries:<\/strong> Permeten la gesti\u00f3 dels espais publicitaris que, si escau, l&#8217;editor hagi incl\u00f2s en una p\u00e0gina web, aplicaci\u00f3 o plataforma en base a criteris com el contingut editat o la freq\u00fc\u00e8ncia en qu\u00e8 es mostren els anuncis.<\/li>\n<li><strong>Galetes de publicitat comportamental:<\/strong> S\u00f3n aquelles que permeten la gesti\u00f3 dels espais publicitaris que, si escau, l&#8217;editor hagi incl\u00f2s en una p\u00e0gina web, aplicaci\u00f3 o plataforma i que emmagatzemen informaci\u00f3 del comportament dels usuaris obtinguda a trav\u00e9s de l&#8217;observaci\u00f3 continuada de els seus h\u00e0bits de navegaci\u00f3, el que permet desenvolupar un perfil espec\u00edfic sobre la base del que mostrar-los publicitat. En definitiva, permeten mostrar publicitat segmentada en funci\u00f3 d&#8217;h\u00e0bits de navegaci\u00f3 de l&#8217;usuari, el seu pa\u00eds de proced\u00e8ncia, idioma, etc.<\/li>\n<\/ul>\n<p><strong>Galetes utilitzades per aquest lloc web i la seva finalitat.<\/strong><\/p>\n<p><em><strong>SYSTEM FILTER MEDIAM SL<\/strong><\/em> propietaria del domini d&#8217;aquest lloc web <strong>www.sfm.es<\/strong> manifesta que aquesta web, a la data d&#8217;actualitzaci\u00f3 d&#8217;aquesta pol\u00edtica de cookies, utilitza les seg\u00fcents categories de galetes:<\/p>\n<ul>\n<li>Nom de la galeta: __utma<\/li>\n<li>Nom de la galeta: __utmb<\/li>\n<li>Nom de la galeta: __utmc<\/li>\n<li>Nom de la galeta: __utmz<\/li>\n<\/ul>\n<p>Hem indicat totes les galetes auditats a la data d&#8217;avaluaci\u00f3 que consta al final d&#8217;aquesta pol\u00edtica de cookies; per\u00f2, podr\u00edem auditades cada dia i \u00e9s probable que exist\u00eds alguna variaci\u00f3 donada la constant adaptaci\u00f3 i actualitzacions de tercers. A m\u00e9s, al fer clic en els botons de les nostres xarxes socials poden instal\u00b7lar cookies de cada xarxa social amb els fins que declaren en les seves pr\u00f2pies pol\u00edtiques de galetes.<\/p>\n<p>Preguem als usuaris que, si tenen alguna discrep\u00e0ncia o creuen que una galeta no est\u00e0 present en l&#8217;anterior llista, si us plau, ens ho faci saber a trav\u00e9s de la secci\u00f3 de contacte. L&#8217;objectiu d&#8217;aquesta llista de galetes \u00e9s ajudar a recon\u00e8ixer les galetes al navegador de l&#8217;usuari quan visiti aquesta web, aix\u00ed com proporcionar-te informaci\u00f3 per acceptar-les, bloquejar o deshabilitar.<\/p>\n<p><strong>Desactivaci\u00f3 de cookies<\/strong><\/p>\n<p>At\u00e8s que les galetes no s\u00f3n estrictament necess\u00e0ries per a navegar per aquest lloc web, l&#8217;usuari pot bloquejar o deshabilitar, totalment o parcialment, a trav\u00e9s de la configuraci\u00f3 de les opcions del seu navegador d&#8217;Internet. Tots els navegadors permeten el canvi en la configuraci\u00f3 de les galetes.<\/p>\n<p>Com a usuari tens la possibilitat de revocar en qualsevol moment el consentiment prestat per a la utilitzaci\u00f3 de cookies per part de <em><strong>SYSTEM FILTER MEDIAM SL<\/strong><\/em> configurant per a aix\u00f2 teu navegador. Per desactivar les cookies modificant la configuraci\u00f3 del teu navegador, pot seguir les instruccions que especifica cada navegador:<\/p>\n<p><strong>Responsabilitats i exempcions<\/strong><\/p>\n<p><em><strong>SYSTEM FILTER MEDIAM SL<\/strong><\/em> no es fa responsable del contingut, ni de la veracitat, ni de l&#8217;actualitzaci\u00f3 de les pol\u00edtiques de privacitat que puguin tenir els tercers esmentats en aquesta pol\u00edtica de galetes.<\/p>\n<p>Els navegadors web s\u00f3n les eines encarregades d&#8217;emmagatzemar les galetes i, \u00e9s des d&#8217;aquests llocs des d&#8217;on ha d&#8217;efectuar el seu dret a eliminaci\u00f3 o desactivaci\u00f3 de les mateixes. <em><strong>SYSTEM FILTER MEDIAM SL<\/strong><\/em> no pot garantir el correcte o incorrecte tractament de les galetes per part dels esmentats navegadors.<\/p>\n<p>En alguns casos \u00e9s necessari instal\u00b7lar cookies perqu\u00e8 el navegador no oblidi la seva decisi\u00f3 de no acceptaci\u00f3 de les mateixes.<\/p>\n<p><strong><em>SYSTEM FILTER MEDIAM SL<\/em><\/strong> actualitzar\u00e0 els hipervincles proporcionats en aquesta pol\u00edtica de cookies de forma regular. No obstant aix\u00f2, \u00e9s possible que, en alguns moments, aquests no corresponguin amb l&#8217;\u00faltima versi\u00f3 publicada pel desenvolupador de cada navegador.[\/vc_column_text][\/vc_column][\/vc_row]<\/p>\n<\/div>","protected":false},"excerpt":{"rendered":"<p>[vc_row css_animation=&#8221;&#8221; row_type=&#8221;row&#8221; use_row_as_full_screen_section=&#8221;no&#8221; type=&#8221;full_width&#8221; angled_section=&#8221;no&#8221; text_align=&#8221;left&#8221; background_image_as_pattern=&#8221;without_pattern&#8221; z_index=&#8221;&#8221; css=&#8221;.vc_custom_1546618693029{padding-top: 10% !important;padding-right: 12% !important;padding-bottom: 3% !important;padding-left: 12% !important;}&#8221;][vc_column][vc_column_text] POL\u00cdTICA DE COOKIES En aquesta p\u00e0gina trobareu informaci\u00f3 de la Pol\u00edtica de recollida i tractament de galetes de www.sfm.es La p\u00e0gina que est\u00e0 vost\u00e8 visitant pertany a&#8230;<\/p>\n","protected":false},"author":1,"featured_media":0,"parent":0,"menu_order":0,"comment_status":"closed","ping_status":"closed","template":"full_width.php","meta":{"footnotes":""},"class_list":["post-15872","page","type-page","status-publish","hentry"],"aioseo_notices":[],"_links":{"self":[{"href":"https:\/\/www.sfm.es\/ca\/wp-json\/wp\/v2\/pages\/15872","targetHints":{"allow":["GET"]}}],"collection":[{"href":"https:\/\/www.sfm.es\/ca\/wp-json\/wp\/v2\/pages"}],"about":[{"href":"https:\/\/www.sfm.es\/ca\/wp-json\/wp\/v2\/types\/page"}],"author":[{"embeddable":true,"href":"https:\/\/www.sfm.es\/ca\/wp-json\/wp\/v2\/users\/1"}],"replies":[{"embeddable":true,"href":"https:\/\/www.sfm.es\/ca\/wp-json\/wp\/v2\/comments?post=15872"}],"version-history":[{"count":0,"href":"https:\/\/www.sfm.es\/ca\/wp-json\/wp\/v2\/pages\/15872\/revisions"}],"wp:attachment":[{"href":"https:\/\/www.sfm.es\/ca\/wp-json\/wp\/v2\/media?parent=15872"}],"curies":[{"name":"wp","href":"https:\/\/api.w.org\/{rel}","templated":true}]}}