{"id":15884,"date":"2018-12-19T14:37:39","date_gmt":"2018-12-19T14:37:39","guid":{"rendered":"https:\/\/sfm.es\/embalatges\/"},"modified":"2019-02-15T12:02:16","modified_gmt":"2019-02-15T12:02:16","slug":"embalajes","status":"publish","type":"page","link":"https:\/\/www.sfm.es\/ca\/embalajes\/","title":{"rendered":"Embalatges"},"content":{"rendered":"<div class=\"wpb-content-wrapper\"><p>[vc_row css_animation=&#8221;&#8221; row_type=&#8221;row&#8221; use_row_as_full_screen_section=&#8221;yes&#8221; type=&#8221;grid&#8221; angled_section=&#8221;no&#8221; text_align=&#8221;left&#8221; background_image_as_pattern=&#8221;without_pattern&#8221; css=&#8221;.vc_custom_1550169849494{padding-top: 6% !important;padding-right: 10% !important;padding-bottom: 6% !important;padding-left: 10% !important;}&#8221; z_index=&#8221;&#8221;][vc_column width=&#8221;1\/4&#8243;][vc_single_image image=&#8221;16148&#8243; img_size=&#8221;650&#215;650&#8243; qode_css_animation=&#8221;&#8221;][\/vc_column][vc_column width=&#8221;3\/4&#8243;][vc_column_text css=&#8221;.vc_custom_1550168618013{padding-right: 10% !important;padding-bottom: 3% !important;padding-left: 10% !important;}&#8221;]Realitzem els embalatges segons necessitats de cada client i segons les normatives o tractaments que requereixi l&#8217;enviament.<\/p>\n<p>Per a nosaltres \u00e9s molt important que els materials arribin en condicions \u00f2ptimes als nostres clients. Des de la nostra f\u00e0brica assegurem que les caixes surtin en perfecte estat sense fustes trencades ni cops.<\/p>\n<p>El tractament t\u00e8rmic consisteix b\u00e0sicament en l&#8217;esterilitzaci\u00f3 de la fusta mitjan\u00e7ant l&#8217;aplicaci\u00f3 de calor i \/ o control d&#8217;humitat fins a aconseguir un cert contingut d&#8217;humitat. Amb aquest sistema s&#8217;aconsegueix eliminar els insectes que habiten a l&#8217;interior del material i que provoquen les temudes plagues.[\/vc_column_text][vc_single_image image=&#8221;16160&#8243; img_size=&#8221;75&#215;75&#8243; onclick=&#8221;custom_link&#8221; img_link_target=&#8221;_blank&#8221; qode_css_animation=&#8221;&#8221; link=&#8221;https:\/\/www.sfm.es\/wp-content\/uploads\/2019\/02\/ISO-ACTUALIZADA.pdf&#8221; title=&#8221;Document ISO vigent&#8221; el_class=&#8221;.c-iso&#8221;][\/vc_column][\/vc_row][vc_row css_animation=&#8221;&#8221; row_type=&#8221;row&#8221; use_row_as_full_screen_section=&#8221;yes&#8221; type=&#8221;full_width&#8221; angled_section=&#8221;no&#8221; text_align=&#8221;left&#8221; background_image_as_pattern=&#8221;without_pattern&#8221; z_index=&#8221;&#8221;][vc_column]<div class='qode_image_gallery_no_space light'><div class='qode_image_gallery_holder' style='height: 500px;'><ul  ><li  ><div style=\"height: 500px; width:751px;\"><img decoding=\"async\" itemprop=\"image\" src=\"https:\/\/www.sfm.es\/wp-content\/uploads\/2019\/02\/IMG_4886.jpg\" alt=\"\" loading=\"lazy\" \/><\/div><\/li><li  ><div style=\"height: 500px; width:334px;\"><img decoding=\"async\" itemprop=\"image\" src=\"https:\/\/www.sfm.es\/wp-content\/uploads\/2019\/02\/IMG_4887.jpg\" alt=\"\" loading=\"lazy\" \/><\/div><\/li><li  ><div style=\"height: 500px; width:751px;\"><img decoding=\"async\" itemprop=\"image\" src=\"https:\/\/www.sfm.es\/wp-content\/uploads\/2019\/02\/IMG_4888.jpg\" alt=\"\" loading=\"lazy\" \/><\/div><\/li><li  ><div style=\"height: 500px; width:751px;\"><img decoding=\"async\" itemprop=\"image\" src=\"https:\/\/www.sfm.es\/wp-content\/uploads\/2019\/02\/IMG_4889.jpg\" alt=\"\" loading=\"lazy\" \/><\/div><\/li><li  ><div style=\"height: 500px; width:751px;\"><img decoding=\"async\" itemprop=\"image\" src=\"https:\/\/www.sfm.es\/wp-content\/uploads\/2019\/02\/IMG_4891.jpg\" alt=\"\" loading=\"lazy\" \/><\/div><\/li><li  ><div style=\"height: 500px; width:751px;\"><img decoding=\"async\" itemprop=\"image\" src=\"https:\/\/www.sfm.es\/wp-content\/uploads\/2019\/02\/IMG_4892.jpg\" alt=\"\" loading=\"lazy\" \/><\/div><\/li><\/ul><\/div><div class=\"controls\"><a class=\"prev-slide\" href=\"#\"><span><i class=\"fa fa-angle-left\"><\/i><\/span><\/a><a class=\"next-slide\" href=\"#\"><span><i class=\"fa fa-angle-right\"><\/i><\/span><\/a><\/div><\/div>[\/vc_column][\/vc_row]<\/p>\n<\/div>","protected":false},"excerpt":{"rendered":"<p>[vc_row css_animation=&#8221;&#8221; row_type=&#8221;row&#8221; use_row_as_full_screen_section=&#8221;yes&#8221; type=&#8221;grid&#8221; angled_section=&#8221;no&#8221; text_align=&#8221;left&#8221; background_image_as_pattern=&#8221;without_pattern&#8221; css=&#8221;.vc_custom_1550169849494{padding-top: 6% !important;padding-right: 10% !important;padding-bottom: 6% !important;padding-left: 10% !important;}&#8221; z_index=&#8221;&#8221;][vc_column width=&#8221;1\/4&#8243;][vc_single_image image=&#8221;16148&#8243; img_size=&#8221;650&#215;650&#8243; qode_css_animation=&#8221;&#8221;][\/vc_column][vc_column width=&#8221;3\/4&#8243;][vc_column_text css=&#8221;.vc_custom_1550168618013{padding-right: 10% !important;padding-bottom: 3% !important;padding-left: 10% !important;}&#8221;]Realitzem els embalatges segons necessitats de cada client i segons les normatives o tractaments que requereixi&#8230;<\/p>\n","protected":false},"author":1,"featured_media":0,"parent":0,"menu_order":0,"comment_status":"closed","ping_status":"closed","template":"full_width.php","meta":{"footnotes":""},"class_list":["post-15884","page","type-page","status-publish","hentry"],"aioseo_notices":[],"_links":{"self":[{"href":"https:\/\/www.sfm.es\/ca\/wp-json\/wp\/v2\/pages\/15884","targetHints":{"allow":["GET"]}}],"collection":[{"href":"https:\/\/www.sfm.es\/ca\/wp-json\/wp\/v2\/pages"}],"about":[{"href":"https:\/\/www.sfm.es\/ca\/wp-json\/wp\/v2\/types\/page"}],"author":[{"embeddable":true,"href":"https:\/\/www.sfm.es\/ca\/wp-json\/wp\/v2\/users\/1"}],"replies":[{"embeddable":true,"href":"https:\/\/www.sfm.es\/ca\/wp-json\/wp\/v2\/comments?post=15884"}],"version-history":[{"count":0,"href":"https:\/\/www.sfm.es\/ca\/wp-json\/wp\/v2\/pages\/15884\/revisions"}],"wp:attachment":[{"href":"https:\/\/www.sfm.es\/ca\/wp-json\/wp\/v2\/media?parent=15884"}],"curies":[{"name":"wp","href":"https:\/\/api.w.org\/{rel}","templated":true}]}}