{"id":15886,"date":"2019-02-01T09:49:54","date_gmt":"2019-02-01T09:49:54","guid":{"rendered":"https:\/\/sfm.es\/empresa\/"},"modified":"2022-07-04T09:59:14","modified_gmt":"2022-07-04T09:59:14","slug":"empresa","status":"publish","type":"page","link":"https:\/\/www.sfm.es\/ca\/empresa\/","title":{"rendered":"Empresa"},"content":{"rendered":"<div class=\"wpb-content-wrapper\"><p>[vc_row css_animation=&#8221;&#8221; row_type=&#8221;row&#8221; use_row_as_full_screen_section=&#8221;no&#8221; type=&#8221;full_width&#8221; angled_section=&#8221;no&#8221; text_align=&#8221;left&#8221; background_image_as_pattern=&#8221;without_pattern&#8221;][vc_column]<div class=\"call_to_action normal\" style=\"background-color: #939393;\"><div class=\"container_inner\"><div class=\"two_columns_75_25 clearfix\"><div class=\"text_wrapper column1\"><div class=\"call_to_action_text \" style=\"\">\n<h3><span style=\"color: #ffffff;\">Vols saber m\u00e9s sobre nosaltres?<\/span><\/h3>\n<\/div><\/div><div class=\"button_wrapper column2\"><a itemprop=\"url\" href=\"sfm.es\/ca\/contacto\" class=\"qbutton white \" target=\"_self\" style=\"color: #ffffff;border-color: #ffffff;\" data-hover-background-color=#ffffff data-hover-border-color=#ffffff data-hover-color=#848484>CONTACTA<\/a><\/div><\/div><\/div><\/div>[\/vc_column][\/vc_row][vc_row css_animation=&#8221;&#8221; row_type=&#8221;row&#8221; use_row_as_full_screen_section=&#8221;yes&#8221; type=&#8221;full_width&#8221; angled_section=&#8221;no&#8221; text_align=&#8221;left&#8221; background_image_as_pattern=&#8221;without_pattern&#8221; background_color=&#8221;#ffffff&#8221; padding_top=&#8221;60&#8243; padding_bottom=&#8221;0&#8243; z_index=&#8221;&#8221; css=&#8221;.vc_custom_1545393574963{padding-right: 10% !important;padding-left: 10% !important;}&#8221;][vc_column][vc_row_inner row_type=&#8221;row&#8221; type=&#8221;full_width&#8221; text_align=&#8221;left&#8221; css_animation=&#8221;&#8221;][vc_column_inner el_class=&#8221;.pad-col-gen&#8221; width=&#8221;1\/2&#8243;][vc_single_image image=&#8221;15981&#8243; img_size=&#8221;&#8221; alignment=&#8221;center&#8221; qode_css_animation=&#8221;&#8221; css=&#8221;.vc_custom_1550155648380{padding-bottom: 1% !important;}&#8221;][vc_column_text css=&#8221;.vc_custom_1550159848267{padding-top: 5% !important;}&#8221; el_class=&#8221;pad-col-emp&#8221;]Despr\u00e9s d&#8217;anys al servei de tot tipus d&#8217;ind\u00fastries hem aconseguit ser una empresa <strong>l\u00edder en el sector.<\/strong><\/p>\n<p>&nbsp;<\/p>\n<p>A causa de la creixent preocupaci\u00f3 pel medi ambient, la nostra tecnologia s&#8217;ha vist obligada a posar-se al dia en tot moment, per la gran diversitat de problemes que plantegen els nostres clients. Per aix\u00f2 <strong>estem capacitats per oferir solucions i adaptar-nos a les necessitats concretes de cada cas<\/strong>, en una cont\u00ednua actualitzaci\u00f3 t\u00e8cnica.[\/vc_column_text][\/vc_column_inner][vc_column_inner width=&#8221;1\/2&#8243; css=&#8221;.vc_custom_1550163701385{padding-top: 7% !important;}&#8221;]<div id=\"\" class=\"video-player-for-wpbakery \">\n    <div class=\"video-player-for-wpbakery-container\">\n        <video\n            width=\"600\"\n            height=\"350\"\n            controls            autoplay                                                preload=\"metadata\"                        crossorigin=\"anonymous\"\n            disablepictureinpicture=\"false\">\n            <source src=\"https:\/\/www.sfm.es\/wp-content\/uploads\/2022\/07\/VIDEO-2022-06-30-21-43-11-1.mp4\" type=\"video\/mp4\">\n            Your browser does not support the video tag.        <\/video>\n    <\/div>\n<\/div>\n[\/vc_column_inner][\/vc_row_inner][vc_separator type=&#8221;transparent&#8221; up=&#8221;60&#8243; down=&#8221;0&#8243;][\/vc_column][\/vc_row][vc_row css_animation=&#8221;&#8221; row_type=&#8221;row&#8221; use_row_as_full_screen_section=&#8221;no&#8221; type=&#8221;full_width&#8221; angled_section=&#8221;no&#8221; text_align=&#8221;left&#8221; background_image_as_pattern=&#8221;without_pattern&#8221; background_color=&#8221;#cecece&#8221; padding_top=&#8221;87&#8243; padding_bottom=&#8221;34&#8243; z_index=&#8221;&#8221; css=&#8221;.vc_custom_1550160495906{margin-bottom: 0px !important;padding-bottom: 0px !important;}&#8221;][vc_column][vc_column_text]<\/p>\n<h2 style=\"text-align: center;\">LES NOSTRES INSTAL\u00b7LACIONS<\/h2>\n<p>[\/vc_column_text][vc_separator type=&#8221;small&#8221; position=&#8221;center&#8221; up=&#8221;7&#8243; down=&#8221;44&#8243;]<div class='qode_image_gallery_no_space light highlight_active'><div class='qode_image_gallery_holder' style='height: 500px;'><ul style = \"background-color: rgba(0,0,0,0.5)\" ><li style = \"opacity: 0.5\" ><div style=\"height: 500px; width:750px;\"><img decoding=\"async\" itemprop=\"image\" src=\"https:\/\/www.sfm.es\/wp-content\/uploads\/2018\/12\/1-1-65.jpg\" alt=\"\" loading=\"lazy\" \/><\/div><\/li><li style = \"opacity: 0.5\" ><div style=\"height: 500px; width:750px;\"><img decoding=\"async\" itemprop=\"image\" src=\"https:\/\/www.sfm.es\/wp-content\/uploads\/2018\/12\/1-1-64.jpg\" alt=\"\" loading=\"lazy\" \/><\/div><\/li><li style = \"opacity: 0.5\" ><div style=\"height: 500px; width:750px;\"><img decoding=\"async\" itemprop=\"image\" src=\"https:\/\/www.sfm.es\/wp-content\/uploads\/2018\/12\/1-1-58.jpg\" alt=\"\" loading=\"lazy\" \/><\/div><\/li><li style = \"opacity: 0.5\" ><div style=\"height: 500px; width:750px;\"><img decoding=\"async\" itemprop=\"image\" src=\"https:\/\/www.sfm.es\/wp-content\/uploads\/2018\/12\/1-1-37.jpg\" alt=\"\" loading=\"lazy\" \/><\/div><\/li><li style = \"opacity: 0.5\" ><div style=\"height: 500px; width:750px;\"><img decoding=\"async\" itemprop=\"image\" src=\"https:\/\/www.sfm.es\/wp-content\/uploads\/2018\/12\/1-1-36.jpg\" alt=\"\" loading=\"lazy\" \/><\/div><\/li><li style = \"opacity: 0.5\" ><div style=\"height: 500px; width:750px;\"><img decoding=\"async\" itemprop=\"image\" src=\"https:\/\/www.sfm.es\/wp-content\/uploads\/2018\/12\/1-1-19.jpg\" alt=\"\" loading=\"lazy\" \/><\/div><\/li><\/ul><\/div><div class=\"controls\"><a class=\"prev-slide\" href=\"#\"><span><i class=\"fa fa-angle-left\"><\/i><\/span><\/a><a class=\"next-slide\" href=\"#\"><span><i class=\"fa fa-angle-right\"><\/i><\/span><\/a><\/div><\/div>[\/vc_column][\/vc_row][vc_row css_animation=&#8221;&#8221; row_type=&#8221;row&#8221; use_row_as_full_screen_section=&#8221;no&#8221; type=&#8221;full_width&#8221; angled_section=&#8221;no&#8221; text_align=&#8221;left&#8221; background_image_as_pattern=&#8221;without_pattern&#8221;][vc_column]<div class=\"qode_video_box\">\n\t<a itemprop=\"image\" class=\"qode_video_image\" href=\"\" data-rel=\"prettyPhoto\">\n\t\t\t<\/a>\n<\/div>[\/vc_column][\/vc_row]<\/p>\n<\/div>","protected":false},"excerpt":{"rendered":"<p>[vc_row css_animation=&#8221;&#8221; row_type=&#8221;row&#8221; use_row_as_full_screen_section=&#8221;no&#8221; type=&#8221;full_width&#8221; angled_section=&#8221;no&#8221; text_align=&#8221;left&#8221; background_image_as_pattern=&#8221;without_pattern&#8221;][vc_column][\/vc_column][\/vc_row][vc_row css_animation=&#8221;&#8221; row_type=&#8221;row&#8221; use_row_as_full_screen_section=&#8221;yes&#8221; type=&#8221;full_width&#8221; angled_section=&#8221;no&#8221; text_align=&#8221;left&#8221; background_image_as_pattern=&#8221;without_pattern&#8221; background_color=&#8221;#ffffff&#8221; padding_top=&#8221;60&#8243; padding_bottom=&#8221;0&#8243; z_index=&#8221;&#8221; css=&#8221;.vc_custom_1545393574963{padding-right: 10% !important;padding-left: 10% !important;}&#8221;][vc_column][vc_row_inner row_type=&#8221;row&#8221; type=&#8221;full_width&#8221; text_align=&#8221;left&#8221; css_animation=&#8221;&#8221;][vc_column_inner el_class=&#8221;.pad-col-gen&#8221; width=&#8221;1\/2&#8243;][vc_single_image image=&#8221;15981&#8243; img_size=&#8221;&#8221; alignment=&#8221;center&#8221; qode_css_animation=&#8221;&#8221; css=&#8221;.vc_custom_1550155648380{padding-bottom: 1% !important;}&#8221;][vc_column_text css=&#8221;.vc_custom_1550159848267{padding-top: 5% !important;}&#8221; el_class=&#8221;pad-col-emp&#8221;]Despr\u00e9s d&#8217;anys al servei de&#8230;<\/p>\n","protected":false},"author":1,"featured_media":0,"parent":0,"menu_order":0,"comment_status":"open","ping_status":"closed","template":"full_width.php","meta":{"footnotes":""},"class_list":["post-15886","page","type-page","status-publish","hentry"],"aioseo_notices":[],"_links":{"self":[{"href":"https:\/\/www.sfm.es\/ca\/wp-json\/wp\/v2\/pages\/15886","targetHints":{"allow":["GET"]}}],"collection":[{"href":"https:\/\/www.sfm.es\/ca\/wp-json\/wp\/v2\/pages"}],"about":[{"href":"https:\/\/www.sfm.es\/ca\/wp-json\/wp\/v2\/types\/page"}],"author":[{"embeddable":true,"href":"https:\/\/www.sfm.es\/ca\/wp-json\/wp\/v2\/users\/1"}],"replies":[{"embeddable":true,"href":"https:\/\/www.sfm.es\/ca\/wp-json\/wp\/v2\/comments?post=15886"}],"version-history":[{"count":4,"href":"https:\/\/www.sfm.es\/ca\/wp-json\/wp\/v2\/pages\/15886\/revisions"}],"predecessor-version":[{"id":16248,"href":"https:\/\/www.sfm.es\/ca\/wp-json\/wp\/v2\/pages\/15886\/revisions\/16248"}],"wp:attachment":[{"href":"https:\/\/www.sfm.es\/ca\/wp-json\/wp\/v2\/media?parent=15886"}],"curies":[{"name":"wp","href":"https:\/\/api.w.org\/{rel}","templated":true}]}}