{"id":15888,"date":"2019-02-01T10:09:12","date_gmt":"2019-02-01T10:09:12","guid":{"rendered":"https:\/\/sfm.es\/productes\/"},"modified":"2019-02-01T10:09:15","modified_gmt":"2019-02-01T10:09:15","slug":"productes","status":"publish","type":"page","link":"https:\/\/www.sfm.es\/ca\/productes\/","title":{"rendered":"Productes"},"content":{"rendered":"<div class=\"wpb-content-wrapper\"><p>[vc_row css_animation=&#8221;&#8221; row_type=&#8221;row&#8221; use_row_as_full_screen_section=&#8221;yes&#8221; type=&#8221;full_width&#8221; angled_section=&#8221;no&#8221; text_align=&#8221;left&#8221; background_image_as_pattern=&#8221;without_pattern&#8221; background_color=&#8221;#f6f6f6&#8243; full_width=&#8221;yes&#8221; content_in_grid=&#8221;yes&#8221; icon=&#8221;&#8221; icon_size=&#8221;&#8221; use_background_as_pattern=&#8221;&#8221; text_font_weight=&#8221;&#8221; show_button=&#8221;yes&#8221; button_size=&#8221;&#8221; button_target=&#8221;_self&#8221; button_text=&#8221;CONTACTA&#8221; button_link=&#8221;sfm.es\/contacto&#8221; button_text_color=&#8221;#ffffff&#8221; button_border_color=&#8221;#ffffff&#8221; button_hover_background_color=&#8221;#ffffff&#8221; button_hover_border_color=&#8221;#ffffff&#8221; button_hover_text_color=&#8221;#848484&#8243; icon_color=&#8221;&#8221; custom_icon=&#8221;&#8221; text_size=&#8221;&#8221; text_letter_spacing=&#8221;&#8221; button_background_color=&#8221;&#8221; z_index=&#8221;&#8221; css=&#8221;.vc_custom_1545911246851{background-color: #ffffff !important;}&#8221;][vc_column][vc_row_inner row_type=&#8221;row&#8221; type=&#8221;full_width&#8221; text_align=&#8221;center&#8221; background_color=&#8221;#f6f6f6&#8243; css_animation=&#8221;&#8221; css=&#8221;.vc_custom_1545911257873{padding-top: 3% !important;padding-bottom: 3% !important;background-color: #ffffff !important;}&#8221;][vc_column_inner width=&#8221;1\/4&#8243;][\/vc_column_inner][vc_column_inner width=&#8221;1\/4&#8243; css=&#8221;.vc_custom_1548874732346{margin-top: 15px !important;}&#8221;][vc_column_text el_class=&#8221;.text-productes&#8221;]<\/p>\n<h2 style=\"text-align: left;\">G\u00c0BIES RODONES<\/h2>\n<p>&nbsp;<\/p>\n<h3 style=\"text-align: left;\"><strong><span style=\"color: #1f81cc;\">G\u00c0BIES DE DIFERENTS DI\u00c0METRES DEPENENT DE LES VARETES I ANELLES<\/span><\/strong><\/h3>\n<p>&nbsp;<\/p>\n<h3 style=\"text-align: left;\"><\/h3>\n<p style=\"text-align: left;\"><strong>DI\u00c0METRES:\u00a0<\/strong>des de 82 mm fins a 200 mm.<\/p>\n<p style=\"text-align: left;\"><strong>LONGITUDS:\u00a0<\/strong>des de 200 mm fins a 7000 mm.<\/p>\n<p style=\"text-align: left;\"><strong>N\u00ba DE VARETES:\u00a0<\/strong>8, 10, 12, 16 y 20.<br \/>\n(g\u00e0bies amb anelles d&#8217;estrella, \u00fanicament de 10 varetes)<\/p>\n<p style=\"text-align: left;\">Es realitzen a petici\u00f3 del client, segons pl\u00e0nol.<\/p>\n<p>&nbsp;[\/vc_column_text][\/vc_column_inner][vc_column_inner width=&#8221;1\/4&#8243;][vc_single_image image=&#8221;15129&#8243; img_size=&#8221;500X500&#8243; alignment=&#8221;center&#8221; qode_css_animation=&#8221;&#8221;][\/vc_column_inner][vc_column_inner width=&#8221;1\/4&#8243;][\/vc_column_inner][\/vc_row_inner][\/vc_column][\/vc_row][vc_row css_animation=&#8221;&#8221; row_type=&#8221;row&#8221; use_row_as_full_screen_section=&#8221;yes&#8221; type=&#8221;full_width&#8221; angled_section=&#8221;no&#8221; text_align=&#8221;left&#8221; background_image_as_pattern=&#8221;without_pattern&#8221; background_color=&#8221;#f6f6f6&#8243; full_width=&#8221;yes&#8221; content_in_grid=&#8221;yes&#8221; icon=&#8221;&#8221; icon_size=&#8221;&#8221; use_background_as_pattern=&#8221;&#8221; text_font_weight=&#8221;&#8221; show_button=&#8221;yes&#8221; button_size=&#8221;&#8221; button_target=&#8221;_self&#8221; button_text=&#8221;CONTACTA&#8221; button_link=&#8221;sfm.es\/contacto&#8221; button_text_color=&#8221;#ffffff&#8221; button_border_color=&#8221;#ffffff&#8221; button_hover_background_color=&#8221;#ffffff&#8221; button_hover_border_color=&#8221;#ffffff&#8221; button_hover_text_color=&#8221;#848484&#8243; icon_color=&#8221;&#8221; custom_icon=&#8221;&#8221; text_size=&#8221;&#8221; text_letter_spacing=&#8221;&#8221; button_background_color=&#8221;&#8221; z_index=&#8221;&#8221; css=&#8221;.vc_custom_1545817484533{background-color: #f6f6f6 !important;}&#8221;][vc_column][vc_row_inner row_type=&#8221;row&#8221; type=&#8221;full_width&#8221; text_align=&#8221;center&#8221; background_color=&#8221;#f6f6f6&#8243; css_animation=&#8221;&#8221; css=&#8221;.vc_custom_1545910036976{padding-top: 3% !important;padding-bottom: 3% !important;background-color: #f6f6f6 !important;}&#8221;][vc_column_inner width=&#8221;1\/6&#8243;][\/vc_column_inner][vc_column_inner width=&#8221;2\/6&#8243;][vc_single_image image=&#8221;15195&#8243; img_size=&#8221;400&#215;400&#8243; alignment=&#8221;center&#8221; qode_css_animation=&#8221;&#8221;][\/vc_column_inner][vc_column_inner width=&#8221;2\/6&#8243;][vc_column_text el_class=&#8221;.text-productes&#8221;]<\/p>\n<h2 style=\"text-align: left;\">G\u00c0BIES ESTRELLA<\/h2>\n<p>&nbsp;<\/p>\n<p>&nbsp;<\/p>\n<p style=\"text-align: left;\">S&#8217;utilitzen per aconseguir una millor neteja en les m\u00e0negues, menor p\u00e8rdua de c\u00e0rrega o estalvi el\u00e8ctric, encara que no sempre beneficioses ja que hi a m\u00e0negues amb les que o es poden utilitzar, ja que es deteriorarien.<\/p>\n<p>&nbsp;<\/p>\n<p style=\"text-align: left;\"><strong>LONGITUDS:\u00a0<\/strong>des de 200 mm fins a 7000 mm.<\/p>\n<p>&nbsp;[\/vc_column_text][\/vc_column_inner][vc_column_inner width=&#8221;1\/6&#8243;][\/vc_column_inner][\/vc_row_inner][\/vc_column][\/vc_row][vc_row css_animation=&#8221;&#8221; row_type=&#8221;row&#8221; use_row_as_full_screen_section=&#8221;yes&#8221; type=&#8221;full_width&#8221; angled_section=&#8221;no&#8221; text_align=&#8221;left&#8221; background_image_as_pattern=&#8221;without_pattern&#8221; background_color=&#8221;#ffffff&#8221; full_width=&#8221;yes&#8221; content_in_grid=&#8221;yes&#8221; icon=&#8221;&#8221; icon_size=&#8221;&#8221; use_background_as_pattern=&#8221;&#8221; text_font_weight=&#8221;&#8221; show_button=&#8221;yes&#8221; button_size=&#8221;&#8221; button_target=&#8221;_self&#8221; button_text=&#8221;CONTACTA&#8221; button_link=&#8221;sfm.es\/contacto&#8221; button_text_color=&#8221;#ffffff&#8221; button_border_color=&#8221;#ffffff&#8221; button_hover_background_color=&#8221;#ffffff&#8221; button_hover_border_color=&#8221;#ffffff&#8221; button_hover_text_color=&#8221;#848484&#8243; icon_color=&#8221;&#8221; custom_icon=&#8221;&#8221; text_size=&#8221;&#8221; text_letter_spacing=&#8221;&#8221; button_background_color=&#8221;&#8221; z_index=&#8221;&#8221; css=&#8221;.vc_custom_1545817093319{background-color: #ffffff !important;}&#8221;][vc_column][vc_row_inner row_type=&#8221;row&#8221; type=&#8221;full_width&#8221; text_align=&#8221;center&#8221; background_color=&#8221;#ffffff&#8221; css_animation=&#8221;&#8221; css=&#8221;.vc_custom_1545910045247{padding-top: 3% !important;padding-bottom: 3% !important;background-color: #ffffff !important;}&#8221;][vc_column_inner width=&#8221;1\/4&#8243;][\/vc_column_inner][vc_column_inner width=&#8221;1\/4&#8243; css=&#8221;.vc_custom_1548874612935{margin-top: 35px !important;}&#8221;][vc_column_text el_class=&#8221;.text-productes&#8221; css=&#8221;.vc_custom_1548859161432{padding-top: 3% !important;}&#8221;]<\/p>\n<h2 style=\"text-align: left;\">VENTURIS<\/h2>\n<p>&nbsp;<\/p>\n<h3 style=\"text-align: left;\"><strong><span style=\"color: #1f81cc;\">\u00c0MPLIA GAMMA DE VENTURIS EN MULTITUD DE QUALITATS<\/span><\/strong><\/h3>\n<h3><\/h3>\n<p>&nbsp;<\/p>\n<p style=\"text-align: left;\">Es realitzen a petici\u00f3 del client, segons pl\u00e0nol.<\/p>\n<p>&nbsp;[\/vc_column_text][\/vc_column_inner][vc_column_inner width=&#8221;1\/4&#8243;][vc_single_image image=&#8221;15177&#8243; img_size=&#8221;600X400&#8243; alignment=&#8221;center&#8221; qode_css_animation=&#8221;&#8221;][\/vc_column_inner][vc_column_inner width=&#8221;1\/4&#8243;][\/vc_column_inner][\/vc_row_inner][\/vc_column][\/vc_row][vc_row css_animation=&#8221;&#8221; row_type=&#8221;row&#8221; use_row_as_full_screen_section=&#8221;no&#8221; type=&#8221;normal&#8221; angled_section=&#8221;no&#8221; text_align=&#8221;left&#8221; background_image_as_pattern=&#8221;without_pattern&#8221; background_color=&#8221;#939393&#8243; full_width=&#8221;yes&#8221; content_in_grid=&#8221;yes&#8221; icon=&#8221;&#8221; icon_size=&#8221;&#8221; use_background_as_pattern=&#8221;&#8221; text_font_weight=&#8221;&#8221; show_button=&#8221;yes&#8221; button_size=&#8221;&#8221; button_target=&#8221;_self&#8221; button_text=&#8221;CONTACTA&#8221; button_link=&#8221;sfm.es\/contacto&#8221; button_text_color=&#8221;#ffffff&#8221; button_border_color=&#8221;#ffffff&#8221; button_hover_background_color=&#8221;#ffffff&#8221; button_hover_border_color=&#8221;#ffffff&#8221; button_hover_text_color=&#8221;#848484&#8243; icon_color=&#8221;&#8221; custom_icon=&#8221;&#8221; text_size=&#8221;&#8221; text_letter_spacing=&#8221;&#8221; button_background_color=&#8221;&#8221;][vc_column]<div class=\"call_to_action normal\" style=\"background-color: #939393;\"><div class=\"container_inner\"><div class=\"two_columns_75_25 clearfix\"><div class=\"text_wrapper column1\"><div class=\"call_to_action_text \" style=\"\">\n<h3><span style=\"color: #ffffff;\">FABRIQUEM SEGONS LES TEVES NECESSITATS<\/span><\/h3>\n<p>&nbsp;<\/div><\/div><div class=\"button_wrapper column2\"><a itemprop=\"url\" href=\"sfm.es\/ca\/contacto\" class=\"qbutton white \" target=\"_self\" style=\"color: #ffffff;border-color: #ffffff;\" data-hover-background-color=#ffffff data-hover-border-color=#ffffff data-hover-color=#848484>CONTACTA<\/a><\/div><\/div><\/div><\/div>[\/vc_column][\/vc_row][vc_row css_animation=&#8221;&#8221; row_type=&#8221;row&#8221; use_row_as_full_screen_section=&#8221;yes&#8221; type=&#8221;full_width&#8221; angled_section=&#8221;no&#8221; text_align=&#8221;left&#8221; background_image_as_pattern=&#8221;without_pattern&#8221; background_color=&#8221;#ffffff&#8221; full_width=&#8221;yes&#8221; content_in_grid=&#8221;yes&#8221; icon=&#8221;&#8221; icon_size=&#8221;&#8221; use_background_as_pattern=&#8221;&#8221; text_font_weight=&#8221;&#8221; show_button=&#8221;yes&#8221; button_size=&#8221;&#8221; button_target=&#8221;_self&#8221; button_text=&#8221;CONTACTA&#8221; button_link=&#8221;sfm.es\/contacto&#8221; button_text_color=&#8221;#ffffff&#8221; button_border_color=&#8221;#ffffff&#8221; button_hover_background_color=&#8221;#ffffff&#8221; button_hover_border_color=&#8221;#ffffff&#8221; button_hover_text_color=&#8221;#848484&#8243; icon_color=&#8221;&#8221; custom_icon=&#8221;&#8221; text_size=&#8221;&#8221; text_letter_spacing=&#8221;&#8221; button_background_color=&#8221;&#8221; z_index=&#8221;&#8221; css=&#8221;.vc_custom_1545817093319{background-color: #ffffff !important;}&#8221;][vc_column][vc_row_inner row_type=&#8221;row&#8221; type=&#8221;full_width&#8221; text_align=&#8221;left&#8221; css_animation=&#8221;&#8221; css=&#8221;.vc_custom_1545910064848{padding-top: 3% !important;padding-bottom: 3% !important;}&#8221;][vc_column_inner width=&#8221;1\/4&#8243;][\/vc_column_inner][vc_column_inner width=&#8221;1\/4&#8243;][vc_single_image image=&#8221;15201&#8243; img_size=&#8221;600&#215;300&#8243; alignment=&#8221;center&#8221; qode_css_animation=&#8221;&#8221;][\/vc_column_inner][vc_column_inner width=&#8221;1\/4&#8243; css=&#8221;.vc_custom_1548874888727{margin-top: 12px !important;}&#8221;][vc_column_text el_class=&#8221;.text-productes&#8221;]<\/p>\n<h2 style=\"text-align: left;\">ARTICULACI\u00d3 UNGLA<\/h2>\n<p>&nbsp;<\/p>\n<h3 style=\"text-align: left;\"><strong><span style=\"color: #1f81cc;\">\u00c9S EL DISSENY M\u00c9S\u00a0 COM\u00da DE TOTS ELS EXISTENTS I EL M\u00c9S ECON\u00d2MIC<\/span><\/strong><\/h3>\n<p>&nbsp;<\/p>\n<p style=\"text-align: left;\">\u00c9s de las articulacions m\u00e9s segures sobretot qan s&#8217;utilitza amb varetes de 3,9 mm.<\/p>\n<p>[\/vc_column_text][\/vc_column_inner][vc_column_inner width=&#8221;1\/4&#8243;][\/vc_column_inner][\/vc_row_inner][\/vc_column][\/vc_row][vc_row css_animation=&#8221;&#8221; row_type=&#8221;row&#8221; use_row_as_full_screen_section=&#8221;yes&#8221; type=&#8221;full_width&#8221; angled_section=&#8221;no&#8221; text_align=&#8221;left&#8221; background_image_as_pattern=&#8221;without_pattern&#8221; background_color=&#8221;#f6f6f6&#8243; full_width=&#8221;yes&#8221; content_in_grid=&#8221;yes&#8221; icon=&#8221;&#8221; icon_size=&#8221;&#8221; use_background_as_pattern=&#8221;&#8221; text_font_weight=&#8221;&#8221; show_button=&#8221;yes&#8221; button_size=&#8221;&#8221; button_target=&#8221;_self&#8221; button_text=&#8221;CONTACTA&#8221; button_link=&#8221;sfm.es\/contacto&#8221; button_text_color=&#8221;#ffffff&#8221; button_border_color=&#8221;#ffffff&#8221; button_hover_background_color=&#8221;#ffffff&#8221; button_hover_border_color=&#8221;#ffffff&#8221; button_hover_text_color=&#8221;#848484&#8243; icon_color=&#8221;&#8221; custom_icon=&#8221;&#8221; text_size=&#8221;&#8221; text_letter_spacing=&#8221;&#8221; button_background_color=&#8221;&#8221; z_index=&#8221;&#8221; css=&#8221;.vc_custom_1545817497513{background-color: ##f6f6f6 !important;}&#8221;][vc_column][vc_row_inner row_type=&#8221;row&#8221; type=&#8221;full_width&#8221; text_align=&#8221;center&#8221; background_color=&#8221;#f6f6fa&#8221; css_animation=&#8221;&#8221; css=&#8221;.vc_custom_1545910073104{padding-top: 3% !important;padding-bottom: 3% !important;background-color: #f6f6f6 !important;}&#8221;][vc_column_inner width=&#8221;1\/4&#8243;][\/vc_column_inner][vc_column_inner width=&#8221;1\/4&#8243; css=&#8221;.vc_custom_1548874625748{margin-top: 42px !important;padding-top: 10% !important;}&#8221;][vc_column_text el_class=&#8221;.text-productes&#8221;]<\/p>\n<h2 style=\"text-align: left;\">ARTICULACI\u00d3 ANELLA<\/h2>\n<h3 style=\"text-align: left;\"><\/h3>\n<p>&nbsp;<\/p>\n<p style=\"text-align: left;\">\u00c9s un sistema f\u00e0cil i senzill de acoblar.<\/p>\n<p>&nbsp;[\/vc_column_text][\/vc_column_inner][vc_column_inner width=&#8221;1\/4&#8243;][vc_single_image image=&#8221;15222&#8243; img_size=&#8221;600&#215;400&#8243; alignment=&#8221;center&#8221; qode_css_animation=&#8221;&#8221;][\/vc_column_inner][vc_column_inner width=&#8221;1\/4&#8243;][\/vc_column_inner][\/vc_row_inner][\/vc_column][\/vc_row][vc_row css_animation=&#8221;&#8221; row_type=&#8221;row&#8221; use_row_as_full_screen_section=&#8221;no&#8221; type=&#8221;normal&#8221; angled_section=&#8221;no&#8221; text_align=&#8221;left&#8221; background_image_as_pattern=&#8221;without_pattern&#8221; background_color=&#8221;#939393&#8243; full_width=&#8221;yes&#8221; content_in_grid=&#8221;yes&#8221; icon=&#8221;&#8221; icon_size=&#8221;&#8221; use_background_as_pattern=&#8221;&#8221; text_font_weight=&#8221;&#8221; show_button=&#8221;yes&#8221; button_size=&#8221;&#8221; button_target=&#8221;_self&#8221; button_text=&#8221;CONTACTA&#8221; button_link=&#8221;sfm.es\/contacto&#8221; button_text_color=&#8221;#ffffff&#8221; button_border_color=&#8221;#ffffff&#8221; button_hover_background_color=&#8221;#ffffff&#8221; button_hover_border_color=&#8221;#ffffff&#8221; button_hover_text_color=&#8221;#848484&#8243; icon_color=&#8221;&#8221; custom_icon=&#8221;&#8221; text_size=&#8221;&#8221; text_letter_spacing=&#8221;&#8221; button_background_color=&#8221;&#8221;][vc_column]<div class=\"call_to_action normal\" style=\"background-color: #939393;\"><div class=\"container_inner\"><div class=\"two_columns_75_25 clearfix\"><div class=\"text_wrapper column1\"><div class=\"call_to_action_text \" style=\"\">\n<h3><span style=\"color: #ffffff;\">CONSULTA ALTRES ARTICULACIONS<\/span><\/h3>\n<\/div><\/div><div class=\"button_wrapper column2\"><a itemprop=\"url\" href=\"sfm.es\/ca\/contacto\" class=\"qbutton white \" target=\"_self\" style=\"color: #ffffff;border-color: #ffffff;\" data-hover-background-color=#ffffff data-hover-border-color=#ffffff data-hover-color=#848484>CONTACTA<\/a><\/div><\/div><\/div><\/div>[\/vc_column][\/vc_row][vc_row css_animation=&#8221;&#8221; row_type=&#8221;row&#8221; use_row_as_full_screen_section=&#8221;yes&#8221; type=&#8221;full_width&#8221; angled_section=&#8221;no&#8221; text_align=&#8221;left&#8221; background_image_as_pattern=&#8221;without_pattern&#8221; background_color=&#8221;#ffffff&#8221; full_width=&#8221;yes&#8221; content_in_grid=&#8221;yes&#8221; icon=&#8221;&#8221; icon_size=&#8221;&#8221; use_background_as_pattern=&#8221;&#8221; text_font_weight=&#8221;&#8221; show_button=&#8221;yes&#8221; button_size=&#8221;&#8221; button_target=&#8221;_self&#8221; button_text=&#8221;CONTACTA&#8221; button_link=&#8221;sfm.es\/contacto&#8221; button_text_color=&#8221;#ffffff&#8221; button_border_color=&#8221;#ffffff&#8221; button_hover_background_color=&#8221;#ffffff&#8221; button_hover_border_color=&#8221;#ffffff&#8221; button_hover_text_color=&#8221;#848484&#8243; icon_color=&#8221;&#8221; custom_icon=&#8221;&#8221; text_size=&#8221;&#8221; text_letter_spacing=&#8221;&#8221; button_background_color=&#8221;&#8221; z_index=&#8221;&#8221; css=&#8221;.vc_custom_1545927520268{background-color: #ffffff !important;}&#8221;][vc_column][vc_row_inner row_type=&#8221;row&#8221; type=&#8221;full_width&#8221; text_align=&#8221;left&#8221; css_animation=&#8221;&#8221; css=&#8221;.vc_custom_1545910081552{padding-top: 3% !important;padding-bottom: 3% !important;}&#8221;][vc_column_inner width=&#8221;1\/4&#8243;][\/vc_column_inner][vc_column_inner width=&#8221;1\/4&#8243;][vc_single_image image=&#8221;15239&#8243; img_size=&#8221;600&#215;300&#8243; alignment=&#8221;center&#8221; qode_css_animation=&#8221;&#8221;][\/vc_column_inner][vc_column_inner width=&#8221;1\/4&#8243; css=&#8221;.vc_custom_1548874660862{margin-top: 20px !important;}&#8221;][vc_column_text el_class=&#8221;.text-productes&#8221;]<\/p>\n<h2 style=\"text-align: left;\">GRAELLES (&#8220;FLAT CAGES&#8221;)<\/h2>\n<h3 style=\"text-align: left;\"><\/h3>\n<p>&nbsp;<\/p>\n<p style=\"text-align: left;\">Es pot realitzar qualsevol tipus de dissey segons pl\u00e0nol, en diferents qualitats (acer al carboni, vareta pregalvanitzada, acer inoxidable) i acabats (epoxi, electrozincats).<\/p>\n<p>[\/vc_column_text][\/vc_column_inner][vc_column_inner width=&#8221;1\/4&#8243;][\/vc_column_inner][\/vc_row_inner][\/vc_column][\/vc_row][vc_row css_animation=&#8221;&#8221; row_type=&#8221;row&#8221; use_row_as_full_screen_section=&#8221;yes&#8221; type=&#8221;full_width&#8221; angled_section=&#8221;no&#8221; text_align=&#8221;left&#8221; background_image_as_pattern=&#8221;without_pattern&#8221; background_color=&#8221;#f6f6f6&#8243; full_width=&#8221;yes&#8221; content_in_grid=&#8221;yes&#8221; icon=&#8221;&#8221; icon_size=&#8221;&#8221; use_background_as_pattern=&#8221;&#8221; text_font_weight=&#8221;&#8221; show_button=&#8221;yes&#8221; button_size=&#8221;&#8221; button_target=&#8221;_self&#8221; button_text=&#8221;CONTACTA&#8221; button_link=&#8221;sfm.es\/contacto&#8221; button_text_color=&#8221;#ffffff&#8221; button_border_color=&#8221;#ffffff&#8221; button_hover_background_color=&#8221;#ffffff&#8221; button_hover_border_color=&#8221;#ffffff&#8221; button_hover_text_color=&#8221;#848484&#8243; icon_color=&#8221;&#8221; custom_icon=&#8221;&#8221; text_size=&#8221;&#8221; text_letter_spacing=&#8221;&#8221; button_background_color=&#8221;&#8221; z_index=&#8221;&#8221;][vc_column][vc_row_inner row_type=&#8221;row&#8221; type=&#8221;full_width&#8221; text_align=&#8221;center&#8221; css_animation=&#8221;&#8221; css=&#8221;.vc_custom_1545927467838{padding-top: 3% !important;padding-bottom: 3% !important;background-color: #f6f6f6 !important;}&#8221;][vc_column_inner width=&#8221;1\/4&#8243;][\/vc_column_inner][vc_column_inner width=&#8221;1\/4&#8243; css=&#8221;.vc_custom_1548874686556{margin-top: 15px !important;padding-top: 10% !important;}&#8221;][vc_column_text el_class=&#8221;.text-productes&#8221;]<\/p>\n<h2 style=\"text-align: left;\">G\u00c0BIES QUADRADES<\/h2>\n<h3 style=\"text-align: left;\"><\/h3>\n<p>&nbsp;<\/p>\n<p style=\"text-align: left;\">Es realitzen segons especificacions del client, en diferents mesures i acabats (epoxi, electrozincats, inoxidable).<\/p>\n<p>[\/vc_column_text][\/vc_column_inner][vc_column_inner width=&#8221;1\/4&#8243;][vc_single_image image=&#8221;15238&#8243; img_size=&#8221;600&#215;400&#8243; alignment=&#8221;center&#8221; qode_css_animation=&#8221;&#8221;][\/vc_column_inner][vc_column_inner width=&#8221;1\/4&#8243;][\/vc_column_inner][\/vc_row_inner][\/vc_column][\/vc_row]<\/p>\n<\/div>","protected":false},"excerpt":{"rendered":"<p>[vc_row css_animation=&#8221;&#8221; row_type=&#8221;row&#8221; use_row_as_full_screen_section=&#8221;yes&#8221; type=&#8221;full_width&#8221; angled_section=&#8221;no&#8221; text_align=&#8221;left&#8221; background_image_as_pattern=&#8221;without_pattern&#8221; background_color=&#8221;#f6f6f6&#8243; full_width=&#8221;yes&#8221; content_in_grid=&#8221;yes&#8221; icon=&#8221;&#8221; icon_size=&#8221;&#8221; use_background_as_pattern=&#8221;&#8221; text_font_weight=&#8221;&#8221; show_button=&#8221;yes&#8221; button_size=&#8221;&#8221; button_target=&#8221;_self&#8221; button_text=&#8221;CONTACTA&#8221; button_link=&#8221;sfm.es\/contacto&#8221; button_text_color=&#8221;#ffffff&#8221; button_border_color=&#8221;#ffffff&#8221; button_hover_background_color=&#8221;#ffffff&#8221; button_hover_border_color=&#8221;#ffffff&#8221; button_hover_text_color=&#8221;#848484&#8243; icon_color=&#8221;&#8221; custom_icon=&#8221;&#8221; text_size=&#8221;&#8221; text_letter_spacing=&#8221;&#8221; button_background_color=&#8221;&#8221; z_index=&#8221;&#8221; css=&#8221;.vc_custom_1545911246851{background-color: #ffffff !important;}&#8221;][vc_column][vc_row_inner row_type=&#8221;row&#8221; type=&#8221;full_width&#8221; text_align=&#8221;center&#8221; background_color=&#8221;#f6f6f6&#8243; css_animation=&#8221;&#8221; css=&#8221;.vc_custom_1545911257873{padding-top: 3% !important;padding-bottom: 3% !important;background-color: #ffffff&#8230;<\/p>\n","protected":false},"author":1,"featured_media":0,"parent":0,"menu_order":0,"comment_status":"closed","ping_status":"closed","template":"full_width.php","meta":{"footnotes":""},"class_list":["post-15888","page","type-page","status-publish","hentry"],"aioseo_notices":[],"_links":{"self":[{"href":"https:\/\/www.sfm.es\/ca\/wp-json\/wp\/v2\/pages\/15888","targetHints":{"allow":["GET"]}}],"collection":[{"href":"https:\/\/www.sfm.es\/ca\/wp-json\/wp\/v2\/pages"}],"about":[{"href":"https:\/\/www.sfm.es\/ca\/wp-json\/wp\/v2\/types\/page"}],"author":[{"embeddable":true,"href":"https:\/\/www.sfm.es\/ca\/wp-json\/wp\/v2\/users\/1"}],"replies":[{"embeddable":true,"href":"https:\/\/www.sfm.es\/ca\/wp-json\/wp\/v2\/comments?post=15888"}],"version-history":[{"count":0,"href":"https:\/\/www.sfm.es\/ca\/wp-json\/wp\/v2\/pages\/15888\/revisions"}],"wp:attachment":[{"href":"https:\/\/www.sfm.es\/ca\/wp-json\/wp\/v2\/media?parent=15888"}],"curies":[{"name":"wp","href":"https:\/\/api.w.org\/{rel}","templated":true}]}}